{"id":2069,"date":"2020-10-21T19:25:05","date_gmt":"2020-10-21T18:25:05","guid":{"rendered":"https:\/\/vinclepsicologia.cat\/contacto\/"},"modified":"2025-11-26T12:04:00","modified_gmt":"2025-11-26T11:04:00","slug":"contacto","status":"publish","type":"page","link":"https:\/\/vinclepsicologia.cat\/es\/contacto\/","title":{"rendered":"Contacto"},"content":{"rendered":"<p><div class=\"fusion-fullwidth fullwidth-box fusion-builder-row-1 fusion-flex-container has-pattern-background has-mask-background nonhundred-percent-fullwidth non-hundred-percent-height-scrolling\" style=\"--awb-background-position:center top;--awb-background-repeat:repeat-x;--awb-border-sizes-left:3vw;--awb-border-sizes-right:3vw;--awb-border-color:var(--awb-color1);--awb-border-radius-top-left:0px;--awb-border-radius-top-right:0px;--awb-border-radius-bottom-right:0px;--awb-border-radius-bottom-left:0px;--awb-padding-top:0px;--awb-padding-right:7vw;--awb-padding-bottom:10vw;--awb-padding-left:7vw;--awb-padding-bottom-medium:8vw;--awb-padding-bottom-small:14vw;--awb-margin-bottom:0px;--awb-background-color:var(--awb-color8);--awb-flex-wrap:wrap;\" ><div class=\"fusion-builder-row fusion-row fusion-flex-align-items-flex-start fusion-flex-content-wrap\" style=\"max-width:calc( 1300px + 7vw );margin-left: calc(-7vw \/ 2 );margin-right: calc(-7vw \/ 2 );\"><div class=\"fusion-layout-column fusion_builder_column fusion-builder-column-0 fusion_builder_column_3_5 3_5 fusion-flex-column fusion-animated\" style=\"--awb-bg-size:cover;--awb-width-large:60%;--awb-margin-top-large:0px;--awb-spacing-right-large:calc( 0.083333333333333 * calc( 100% - 7vw ) );--awb-margin-bottom-large:0px;--awb-spacing-left-large:3.5vw;--awb-width-medium:60%;--awb-spacing-right-medium:calc( 0.083333333333333 * calc( 100% - 7vw ) );--awb-spacing-left-medium:3.5vw;--awb-width-small:100%;--awb-spacing-right-small:3.5vw;--awb-margin-bottom-small:9vw;--awb-spacing-left-small:3.5vw;\" data-animationType=\"fadeInUp\" data-animationDuration=\"1.3\" data-animationOffset=\"top-into-view\"><div class=\"fusion-column-wrapper fusion-column-has-shadow fusion-flex-justify-content-center fusion-content-layout-column\">\n<div class=\"wpcf7 no-js\" id=\"wpcf7-f2049-o1\" lang=\"ca\" dir=\"ltr\" data-wpcf7-id=\"2049\">\n<div class=\"screen-reader-response\"><p role=\"status\" aria-live=\"polite\" aria-atomic=\"true\"><\/p> <ul><\/ul><\/div>\n<form action=\"\/es\/wp-json\/wp\/v2\/pages\/2069#wpcf7-f2049-o1\" method=\"post\" class=\"wpcf7-form init\" aria-label=\"Formulari de contacte\" novalidate=\"novalidate\" data-status=\"init\">\n<fieldset class=\"hidden-fields-container\"><input type=\"hidden\" name=\"_wpcf7\" value=\"2049\" \/><input type=\"hidden\" name=\"_wpcf7_version\" value=\"6.1.3\" \/><input type=\"hidden\" name=\"_wpcf7_locale\" value=\"ca\" \/><input type=\"hidden\" name=\"_wpcf7_unit_tag\" value=\"wpcf7-f2049-o1\" \/><input type=\"hidden\" name=\"_wpcf7_container_post\" value=\"0\" \/><input type=\"hidden\" name=\"_wpcf7_posted_data_hash\" value=\"\" \/>\n<\/fieldset>\n<p><label> Nom<br \/>\n<span class=\"wpcf7-form-control-wrap\" data-name=\"your-name\"><input size=\"40\" maxlength=\"400\" class=\"wpcf7-form-control wpcf7-text wpcf7-validates-as-required\" autocomplete=\"name\" aria-required=\"true\" aria-invalid=\"false\" value=\"\" type=\"text\" name=\"your-name\" \/><\/span> <\/label>\n<\/p>\n<p><label> Correu electr\u00f2nic<br \/>\n<span class=\"wpcf7-form-control-wrap\" data-name=\"your-email\"><input size=\"40\" maxlength=\"400\" class=\"wpcf7-form-control wpcf7-email wpcf7-validates-as-required wpcf7-text wpcf7-validates-as-email\" autocomplete=\"email\" aria-required=\"true\" aria-invalid=\"false\" value=\"\" type=\"email\" name=\"your-email\" \/><\/span> <\/label>\n<\/p>\n<p><label> Assumpte<br \/>\n<span class=\"wpcf7-form-control-wrap\" data-name=\"your-subject\"><input size=\"40\" maxlength=\"400\" class=\"wpcf7-form-control wpcf7-text wpcf7-validates-as-required\" aria-required=\"true\" aria-invalid=\"false\" value=\"\" type=\"text\" name=\"your-subject\" \/><\/span> <\/label>\n<\/p>\n<p><label> El missatge (opcional)<br \/>\n<span class=\"wpcf7-form-control-wrap\" data-name=\"your-message\"><textarea cols=\"40\" rows=\"10\" maxlength=\"2000\" class=\"wpcf7-form-control wpcf7-textarea\" aria-invalid=\"false\" name=\"your-message\"><\/textarea><\/span> <\/label>\n<\/p>\n<p><input class=\"wpcf7-form-control wpcf7-submit has-spinner\" type=\"submit\" value=\"Envia\" \/>\n<\/p><div class=\"fusion-alert alert custom alert-custom fusion-alert-center wpcf7-response-output awb-alert-native-link-color alert-dismissable awb-alert-close-boxed\" style=\"--awb-border-size:1px;--awb-border-top-left-radius:0px;--awb-border-top-right-radius:0px;--awb-border-bottom-left-radius:0px;--awb-border-bottom-right-radius:0px;\" role=\"alert\"><div class=\"fusion-alert-content-wrapper\"><span class=\"fusion-alert-content\"><\/span><\/div><button type=\"button\" class=\"close toggle-alert\" data-dismiss=\"alert\" aria-label=\"Close\">&times;<\/button><\/div>\n<\/form>\n<\/div>\n<\/div><\/div><div class=\"fusion-layout-column fusion_builder_column fusion-builder-column-1 fusion_builder_column_2_5 2_5 fusion-flex-column fusion-animated\" style=\"--awb-bg-size:cover;--awb-width-large:40%;--awb-margin-top-large:0px;--awb-spacing-right-large:calc( 0.125 * calc( 100% - 7vw ) );--awb-margin-bottom-large:0px;--awb-spacing-left-large:3.5vw;--awb-width-medium:40%;--awb-spacing-right-medium:calc( 0.125 * calc( 100% - 7vw ) );--awb-spacing-left-medium:3.5vw;--awb-width-small:100%;--awb-spacing-right-small:3.5vw;--awb-spacing-left-small:3.5vw;\" data-animationType=\"fadeInUp\" data-animationDuration=\"1.3\" data-animationOffset=\"top-into-view\"><div class=\"fusion-column-wrapper fusion-column-has-shadow fusion-flex-justify-content-center fusion-content-layout-column\"><div class=\"fusion-text fusion-text-1\" style=\"--awb-content-alignment:left;--awb-font-size:var(--awb-typography2-font-size);--awb-line-height:var(--awb-typography2-line-height);--awb-letter-spacing:var(--awb-typography2-letter-spacing);--awb-text-transform:var(--awb-typography2-text-transform);--awb-text-color:var(--awb-color6);--awb-text-font-family:var(--awb-typography2-font-family);--awb-text-font-weight:var(--awb-typography2-font-weight);--awb-text-font-style:var(--awb-typography2-font-style);\"><p>PSICOLOG\u00cdA &amp; CRECIMIENTO PERSONAL<\/p>\n<\/div><div class=\"fusion-text fusion-text-2\" style=\"--awb-content-alignment:left;--awb-font-size:17px;--awb-text-color:var(--awb-color7);\"><p>Contacta con nosotros si quieres que te acompa\u00f1emos en procesos de ansiedad, estr\u00e9s, autoestima y gesti\u00f3n emocional.<br data-start=\"861\" data-end=\"864\" \/>Te ofrecemos un espacio seguro, cercano y honesto para que puedas conectar contigo, recuperar el equilibrio y avanzar hacia una vida m\u00e1s plena.<\/p>\n<\/div><div ><a class=\"fusion-button button-flat fusion-button-default-size button-custom fusion-button-default button-1 fusion-button-default-span fusion-button-default-type\" style=\"--button_accent_color:var(--awb-color7);--button_border_color:var(--awb-color7);--button_accent_hover_color:var(--awb-color1);--button_border_hover_color:var(--awb-color1);--button_border_width-top:0px;--button_border_width-right:0px;--button_border_width-bottom:0px;--button_border_width-left:0px;--button_gradient_top_color:var(--awb-color1);--button_gradient_bottom_color:var(--awb-color1);--button_gradient_top_color_hover:var(--awb-color5);--button_gradient_bottom_color_hover:var(--awb-color5);--button_margin-top:20px;\" target=\"_self\" href=\"https:\/\/vinclepsicologia.cat\/#serveis\"><span class=\"fusion-button-text awb-button__text awb-button__text--default\">Conoce nuestros servicios<\/span><\/a><\/div><div class=\"fusion-builder-row fusion-builder-row-inner fusion-row fusion-flex-align-items-flex-start fusion-flex-content-wrap\" style=\"width:calc( 100% + 7vw ) !important;max-width:calc( 100% + 7vw ) !important;margin-left: calc(-7vw \/ 2 );margin-right: calc(-7vw \/ 2 );\"><div class=\"fusion-layout-column fusion_builder_column_inner fusion-builder-nested-column-0 fusion_builder_column_inner_1_1 1_1 fusion-flex-column\" style=\"--awb-bg-size:cover;--awb-width-large:100%;--awb-margin-top-large:0px;--awb-spacing-right-large:3.5vw;--awb-margin-bottom-large:20px;--awb-spacing-left-large:3.5vw;--awb-width-medium:100%;--awb-order-medium:0;--awb-spacing-right-medium:3.5vw;--awb-spacing-left-medium:3.5vw;--awb-width-small:100%;--awb-order-small:0;--awb-spacing-right-small:3.5vw;--awb-spacing-left-small:3.5vw;\"><div class=\"fusion-column-wrapper fusion-column-has-shadow fusion-flex-justify-content-flex-start fusion-content-layout-column\"><div class=\"fusion-title title fusion-title-1 fusion-sep-none fusion-title-text fusion-title-size-two\" style=\"--awb-text-color:var(--awb-color7);--awb-font-size:20px;\"><h2 class=\"fusion-title-heading title-heading-left\" style=\"margin:0;font-size:1em;\">653 753 402<\/h2><\/div><\/div><\/div><div class=\"fusion-layout-column fusion_builder_column_inner fusion-builder-nested-column-1 fusion_builder_column_inner_1_1 1_1 fusion-flex-column\" style=\"--awb-bg-size:cover;--awb-width-large:100%;--awb-margin-top-large:0px;--awb-spacing-right-large:3.5vw;--awb-margin-bottom-large:20px;--awb-spacing-left-large:3.5vw;--awb-width-medium:100%;--awb-order-medium:0;--awb-spacing-right-medium:3.5vw;--awb-spacing-left-medium:3.5vw;--awb-width-small:100%;--awb-order-small:0;--awb-spacing-right-small:3.5vw;--awb-spacing-left-small:3.5vw;\"><div class=\"fusion-column-wrapper fusion-column-has-shadow fusion-flex-justify-content-flex-start fusion-content-layout-column\"><div class=\"fusion-title title fusion-title-2 fusion-sep-none fusion-title-text fusion-title-size-two\" style=\"--awb-text-color:var(--awb-color7);--awb-font-size:20px;\"><h2 class=\"fusion-title-heading title-heading-left\" style=\"margin:0;font-size:1em;\"><a class=\"decorated-link cursor-pointer\" rel=\"noopener\" data-start=\"496\" data-end=\"521\">info@vinclepsicologia.com<\/a><\/h2><\/div><\/div><\/div><\/div><\/div><\/div><\/div><\/div><div class=\"fusion-fullwidth fullwidth-box fusion-builder-row-2 fusion-flex-container nonhundred-percent-fullwidth non-hundred-percent-height-scrolling\" style=\"--awb-border-radius-top-left:0px;--awb-border-radius-top-right:0px;--awb-border-radius-bottom-right:0px;--awb-border-radius-bottom-left:0px;--awb-padding-top:7vw;--awb-padding-bottom:6vw;--awb-padding-right-small:12vw;--awb-padding-bottom-small:12vw;--awb-padding-left-small:12vw;--awb-flex-wrap:wrap;\" ><div class=\"fusion-builder-row fusion-row fusion-flex-align-items-center fusion-flex-content-wrap\" style=\"max-width:1365px;margin-left: calc(-5% \/ 2 );margin-right: calc(-5% \/ 2 );\"><div class=\"fusion-layout-column fusion_builder_column fusion-builder-column-2 fusion_builder_column_1_3 1_3 fusion-flex-column\" style=\"--awb-bg-blend:overlay;--awb-bg-size:cover;--awb-width-large:33.333333333333%;--awb-margin-top-large:0px;--awb-spacing-right-large:3.8%;--awb-margin-bottom-large:0px;--awb-spacing-left-large:7.125%;--awb-width-medium:33.333333333333%;--awb-spacing-right-medium:3.8%;--awb-spacing-left-medium:7.125%;--awb-width-small:100%;--awb-spacing-right-small:2.375%;--awb-spacing-left-small:2.375%;\"><div class=\"fusion-column-wrapper fusion-flex-justify-content-flex-start fusion-content-layout-column\"><div class=\"fusion-title title fusion-title-3 fusion-sep-none fusion-title-text fusion-title-size-three\" style=\"--awb-font-size:41px;\"><h3 class=\"fusion-title-heading title-heading-left\" style=\"margin:0;font-size:1em;line-height:1.3em;\">Cuidar de ti mismo no es un lujo. Es una necesidad. <\/h3><\/div><\/div><\/div><div class=\"fusion-layout-column fusion_builder_column fusion-builder-column-3 fusion_builder_column_2_3 2_3 fusion-flex-column\" style=\"--awb-padding-top:10px;--awb-bg-blend:overlay;--awb-bg-size:cover;--awb-width-large:66.666666666667%;--awb-margin-top-large:0px;--awb-spacing-right-large:3.5625%;--awb-margin-bottom-large:0px;--awb-spacing-left-large:3.8%;--awb-width-medium:66.666666666667%;--awb-spacing-right-medium:3.5625%;--awb-spacing-left-medium:3.8%;--awb-width-small:100%;--awb-spacing-right-small:2.375%;--awb-spacing-left-small:2.375%;\"><div class=\"fusion-column-wrapper fusion-flex-justify-content-flex-start fusion-content-layout-column\"><div class=\"fusion-text fusion-text-3 awb-text-cols fusion-text-columns-2\" style=\"--awb-columns:2;--awb-column-spacing:2em;--awb-column-min-width:100px;\"><p data-start=\"1446\" data-end=\"1634\">En VINCLE creemos que cada proceso es \u00fanico. Te acompa\u00f1amos con calidez, profesionalidad y herramientas basadas en la evidencia, para que puedas avanzar a tu ritmo y desde donde est\u00e1s ahora. <\/p>\n<p data-start=\"1636\" data-end=\"1812\">Te ofrecemos acompa\u00f1amiento psicol\u00f3gico para adultos, adolescentes y familias. Te proporcionamos recursos pr\u00e1cticos, comprensi\u00f3n y un espacio donde sentirte seguro y escuchado. <\/p>\n<p data-start=\"1814\" data-end=\"1982\">Construimos v\u00ednculos saludables para transformar tu d\u00eda a d\u00eda. Te guiamos en procesos de cambio, gesti\u00f3n emocional, autoconocimiento y bienestar psicol\u00f3gico. <\/p>\n<\/div><\/div><\/div><\/div><\/div><\/p>\n","protected":false},"excerpt":{"rendered":"","protected":false},"author":1,"featured_media":2068,"parent":0,"menu_order":0,"comment_status":"closed","ping_status":"closed","template":"100-width.php","meta":{"content-type":"","footnotes":""},"class_list":["post-2069","page","type-page","status-publish","has-post-thumbnail","hentry"],"yoast_head":"<!-- This site is optimized with the Yoast SEO plugin v26.4 - https:\/\/yoast.com\/wordpress\/plugins\/seo\/ -->\n<title>Contacta con nosotros - Vincle Psicologia<\/title>\n<meta name=\"description\" content=\"Contacta con nosotros si quieres que te acompa\u00f1emos en procesos de ansiedad, estr\u00e9s, autoestima y gesti\u00f3n emocional.\" \/>\n<meta name=\"robots\" content=\"index, follow, max-snippet:-1, max-image-preview:large, max-video-preview:-1\" \/>\n<link rel=\"canonical\" href=\"https:\/\/vinclepsicologia.cat\/es\/contacto\/\" \/>\n<meta property=\"og:locale\" content=\"es_ES\" \/>\n<meta property=\"og:type\" content=\"article\" \/>\n<meta property=\"og:title\" content=\"Contacta con nosotros - Vincle Psicologia\" \/>\n<meta property=\"og:description\" content=\"Contacta con nosotros si quieres que te acompa\u00f1emos en procesos de ansiedad, estr\u00e9s, autoestima y gesti\u00f3n emocional.\" \/>\n<meta property=\"og:url\" content=\"https:\/\/vinclepsicologia.cat\/es\/contacto\/\" \/>\n<meta property=\"og:site_name\" content=\"Vincle Psicologia\" \/>\n<meta property=\"article:modified_time\" content=\"2025-11-26T11:04:00+00:00\" \/>\n<meta property=\"og:image\" content=\"https:\/\/vinclepsicologia.cat\/wp-content\/uploads\/2020\/10\/blog-8.jpg\" \/>\n\t<meta property=\"og:image:width\" content=\"2560\" \/>\n\t<meta property=\"og:image:height\" content=\"1548\" \/>\n\t<meta property=\"og:image:type\" content=\"image\/jpeg\" \/>\n<meta name=\"twitter:card\" content=\"summary_large_image\" \/>\n<meta name=\"twitter:label1\" content=\"Tiempo de lectura\" \/>\n\t<meta name=\"twitter:data1\" content=\"1 minuto\" \/>\n<script type=\"application\/ld+json\" class=\"yoast-schema-graph\">{\"@context\":\"https:\/\/schema.org\",\"@graph\":[{\"@type\":\"WebPage\",\"@id\":\"https:\/\/vinclepsicologia.cat\/es\/contacto\/\",\"url\":\"https:\/\/vinclepsicologia.cat\/es\/contacto\/\",\"name\":\"Contacta con nosotros - Vincle Psicologia\",\"isPartOf\":{\"@id\":\"https:\/\/vinclepsicologia.cat\/#website\"},\"primaryImageOfPage\":{\"@id\":\"https:\/\/vinclepsicologia.cat\/es\/contacto\/#primaryimage\"},\"image\":{\"@id\":\"https:\/\/vinclepsicologia.cat\/es\/contacto\/#primaryimage\"},\"thumbnailUrl\":\"https:\/\/vinclepsicologia.cat\/wp-content\/uploads\/2020\/10\/blog-8.jpg\",\"datePublished\":\"2020-10-21T18:25:05+00:00\",\"dateModified\":\"2025-11-26T11:04:00+00:00\",\"description\":\"Contacta con nosotros si quieres que te acompa\u00f1emos en procesos de ansiedad, estr\u00e9s, autoestima y gesti\u00f3n emocional.\",\"breadcrumb\":{\"@id\":\"https:\/\/vinclepsicologia.cat\/es\/contacto\/#breadcrumb\"},\"inLanguage\":\"es\",\"potentialAction\":[{\"@type\":\"ReadAction\",\"target\":[\"https:\/\/vinclepsicologia.cat\/es\/contacto\/\"]}]},{\"@type\":\"ImageObject\",\"inLanguage\":\"es\",\"@id\":\"https:\/\/vinclepsicologia.cat\/es\/contacto\/#primaryimage\",\"url\":\"https:\/\/vinclepsicologia.cat\/wp-content\/uploads\/2020\/10\/blog-8.jpg\",\"contentUrl\":\"https:\/\/vinclepsicologia.cat\/wp-content\/uploads\/2020\/10\/blog-8.jpg\",\"width\":2560,\"height\":1548,\"caption\":\"Pareja cogida de la mano\"},{\"@type\":\"BreadcrumbList\",\"@id\":\"https:\/\/vinclepsicologia.cat\/es\/contacto\/#breadcrumb\",\"itemListElement\":[{\"@type\":\"ListItem\",\"position\":1,\"name\":\"Inici\",\"item\":\"https:\/\/vinclepsicologia.cat\/es\/\"},{\"@type\":\"ListItem\",\"position\":2,\"name\":\"Contacto\"}]},{\"@type\":\"WebSite\",\"@id\":\"https:\/\/vinclepsicologia.cat\/#website\",\"url\":\"https:\/\/vinclepsicologia.cat\/\",\"name\":\"Vincle Psicologia\",\"description\":\"Espai de psicologia i creixement personal\",\"potentialAction\":[{\"@type\":\"SearchAction\",\"target\":{\"@type\":\"EntryPoint\",\"urlTemplate\":\"https:\/\/vinclepsicologia.cat\/?s={search_term_string}\"},\"query-input\":{\"@type\":\"PropertyValueSpecification\",\"valueRequired\":true,\"valueName\":\"search_term_string\"}}],\"inLanguage\":\"es\"}]}<\/script>\n<!-- \/ Yoast SEO plugin. -->","yoast_head_json":{"title":"Contacta con nosotros - Vincle Psicologia","description":"Contacta con nosotros si quieres que te acompa\u00f1emos en procesos de ansiedad, estr\u00e9s, autoestima y gesti\u00f3n emocional.","robots":{"index":"index","follow":"follow","max-snippet":"max-snippet:-1","max-image-preview":"max-image-preview:large","max-video-preview":"max-video-preview:-1"},"canonical":"https:\/\/vinclepsicologia.cat\/es\/contacto\/","og_locale":"es_ES","og_type":"article","og_title":"Contacta con nosotros - Vincle Psicologia","og_description":"Contacta con nosotros si quieres que te acompa\u00f1emos en procesos de ansiedad, estr\u00e9s, autoestima y gesti\u00f3n emocional.","og_url":"https:\/\/vinclepsicologia.cat\/es\/contacto\/","og_site_name":"Vincle Psicologia","article_modified_time":"2025-11-26T11:04:00+00:00","og_image":[{"width":2560,"height":1548,"url":"https:\/\/vinclepsicologia.cat\/wp-content\/uploads\/2020\/10\/blog-8.jpg","type":"image\/jpeg"}],"twitter_card":"summary_large_image","twitter_misc":{"Tiempo de lectura":"1 minuto"},"schema":{"@context":"https:\/\/schema.org","@graph":[{"@type":"WebPage","@id":"https:\/\/vinclepsicologia.cat\/es\/contacto\/","url":"https:\/\/vinclepsicologia.cat\/es\/contacto\/","name":"Contacta con nosotros - Vincle Psicologia","isPartOf":{"@id":"https:\/\/vinclepsicologia.cat\/#website"},"primaryImageOfPage":{"@id":"https:\/\/vinclepsicologia.cat\/es\/contacto\/#primaryimage"},"image":{"@id":"https:\/\/vinclepsicologia.cat\/es\/contacto\/#primaryimage"},"thumbnailUrl":"https:\/\/vinclepsicologia.cat\/wp-content\/uploads\/2020\/10\/blog-8.jpg","datePublished":"2020-10-21T18:25:05+00:00","dateModified":"2025-11-26T11:04:00+00:00","description":"Contacta con nosotros si quieres que te acompa\u00f1emos en procesos de ansiedad, estr\u00e9s, autoestima y gesti\u00f3n emocional.","breadcrumb":{"@id":"https:\/\/vinclepsicologia.cat\/es\/contacto\/#breadcrumb"},"inLanguage":"es","potentialAction":[{"@type":"ReadAction","target":["https:\/\/vinclepsicologia.cat\/es\/contacto\/"]}]},{"@type":"ImageObject","inLanguage":"es","@id":"https:\/\/vinclepsicologia.cat\/es\/contacto\/#primaryimage","url":"https:\/\/vinclepsicologia.cat\/wp-content\/uploads\/2020\/10\/blog-8.jpg","contentUrl":"https:\/\/vinclepsicologia.cat\/wp-content\/uploads\/2020\/10\/blog-8.jpg","width":2560,"height":1548,"caption":"Pareja cogida de la mano"},{"@type":"BreadcrumbList","@id":"https:\/\/vinclepsicologia.cat\/es\/contacto\/#breadcrumb","itemListElement":[{"@type":"ListItem","position":1,"name":"Inici","item":"https:\/\/vinclepsicologia.cat\/es\/"},{"@type":"ListItem","position":2,"name":"Contacto"}]},{"@type":"WebSite","@id":"https:\/\/vinclepsicologia.cat\/#website","url":"https:\/\/vinclepsicologia.cat\/","name":"Vincle Psicologia","description":"Espai de psicologia i creixement personal","potentialAction":[{"@type":"SearchAction","target":{"@type":"EntryPoint","urlTemplate":"https:\/\/vinclepsicologia.cat\/?s={search_term_string}"},"query-input":{"@type":"PropertyValueSpecification","valueRequired":true,"valueName":"search_term_string"}}],"inLanguage":"es"}]}},"_links":{"self":[{"href":"https:\/\/vinclepsicologia.cat\/es\/wp-json\/wp\/v2\/pages\/2069","targetHints":{"allow":["GET"]}}],"collection":[{"href":"https:\/\/vinclepsicologia.cat\/es\/wp-json\/wp\/v2\/pages"}],"about":[{"href":"https:\/\/vinclepsicologia.cat\/es\/wp-json\/wp\/v2\/types\/page"}],"author":[{"embeddable":true,"href":"https:\/\/vinclepsicologia.cat\/es\/wp-json\/wp\/v2\/users\/1"}],"replies":[{"embeddable":true,"href":"https:\/\/vinclepsicologia.cat\/es\/wp-json\/wp\/v2\/comments?post=2069"}],"version-history":[{"count":1,"href":"https:\/\/vinclepsicologia.cat\/es\/wp-json\/wp\/v2\/pages\/2069\/revisions"}],"predecessor-version":[{"id":2092,"href":"https:\/\/vinclepsicologia.cat\/es\/wp-json\/wp\/v2\/pages\/2069\/revisions\/2092"}],"wp:featuredmedia":[{"embeddable":true,"href":"https:\/\/vinclepsicologia.cat\/es\/wp-json\/wp\/v2\/media\/2068"}],"wp:attachment":[{"href":"https:\/\/vinclepsicologia.cat\/es\/wp-json\/wp\/v2\/media?parent=2069"}],"curies":[{"name":"wp","href":"https:\/\/api.w.org\/{rel}","templated":true}]}}